{"id":131,"date":"2022-04-18T20:37:57","date_gmt":"2022-04-18T20:37:57","guid":{"rendered":"https:\/\/gigliaacquavivaartgallery.com\/?page_id=131"},"modified":"2022-07-07T10:59:31","modified_gmt":"2022-07-07T10:59:31","slug":"condiciones-generales","status":"publish","type":"page","link":"https:\/\/gigliaacquavivaartgallery.com\/fr\/condiciones-generales\/","title":{"rendered":"Conditions g\u00e9n\u00e9rales d'utilisation"},"content":{"rendered":"<p>[et_pb_section fb_built=&#8221;1&#8243; admin_label=&#8221;section&#8221; _builder_version=&#8221;4.16&#8243; global_colors_info=&#8221;{}&#8221;][et_pb_row admin_label=&#8221;row&#8221; _builder_version=&#8221;4.17.4&#8243; background_size=&#8221;initial&#8221; background_position=&#8221;top_left&#8221; background_repeat=&#8221;repeat&#8221; width=&#8221;80%&#8221; global_colors_info=&#8221;{}&#8221;][et_pb_column type=&#8221;4_4&#8243; _builder_version=&#8221;4.16&#8243; custom_padding=&#8221;|||&#8221; global_colors_info=&#8221;{}&#8221; custom_padding__hover=&#8221;|||&#8221;][et_pb_text admin_label=&#8221;Text&#8221; _builder_version=&#8221;4.17.4&#8243; background_size=&#8221;initial&#8221; background_position=&#8221;top_left&#8221; background_repeat=&#8221;repeat&#8221; module_alignment=&#8221;center&#8221; hover_enabled=&#8221;0&#8243; global_colors_info=&#8221;{}&#8221; sticky_enabled=&#8221;0&#8243;]<\/p>\n<p>Giglia Acquaviva<\/p>\n<p>Art Gallery<\/p>\n<p><strong>Condiciones Generales de Contrataci\u00f3n\u00a0<\/strong><\/p>\n<ol>\n<li>1.- Titularidad del portal<br \/>La titular de la web www.gigliaacquavivaartgallery.com es Giglia Mabel Acquaviva, que es la autora y realizadora de las obras. El n\u00famero de tel\u00e9fono y de WhatsApp de Servicio de Atenci\u00f3n al cliente es +39 348 2367282. La direcci\u00f3n de e-mail es: \u201cgigliaacquaviva.artgallery@gmail.com y la direcci\u00f3n postal es: V\u00eda Giulio Rinaldi 71\/A -Cave- 00033 (RM) Italia. IVA 15388711002.<br \/>Las Condiciones Generales de Contrataci\u00f3n descritas a continuaci\u00f3n, definen los derechos y obligaciones de las partes. La realizaci\u00f3n de una compra o el pedido de realizaci\u00f3n de una obra supone la aceptaci\u00f3n de estas condiciones de contrataci\u00f3n.<br \/>2.- <strong>Partes<\/strong><br \/>Giglia Mabel Acquaviva, en adelante \u201cla autora\u201d es la proveedora de los servicios art\u00edsticos. Sus cuadros son realizados enteramente a mano y es la receptora y realizadora exclusiva de los encargos del interesado o comprador, en adelante \u201cel cliente\u201d o \u201cel coleccionista\u201d.<br \/>2.\u2013 <strong>Forma de realizar el pedido<\/strong><br \/>Los pedidos se efect\u00faan a trav\u00e9s de la p\u00e1gina web www.gigliaacquavivaartgallery.com<br \/>Al hacer clic en el bot\u00f3n \u201cValidar y pagar\u201d durante el proceso de realizaci\u00f3n de un pedido, el coleccionissta declara aceptar plenamente y sin reservas la totalidad de las presentes Condiciones Generales de Contrataci\u00f3n.<br \/>3.- Precios<br \/>Los precios de las obras se expresan en euros. Los costos de env\u00edo se incluyen en el precio establecido,\u00a0 siempre que el destino sea un pa\u00eds miembro de la UE, EEUU y Canad\u00e1. Para otros destinos ser\u00e1 necesario presupuestar en cada caso concreto. <br \/>Cuando existan espec\u00edficos derechos aduaneros, quedar\u00e1n a exclusivo cargo del cliente.<br \/>4.- <strong>Pago<\/strong><br \/>El pago de los requerimientos se efect\u00faa mediante: tarjeta de pago (cr\u00e9dito o d\u00e9bito), PayPal, transferencia bancaria directa (BACS). Las tarjetas de pago aceptadas son las del circuito Visa o Mastercard. El plazo de d\u00e9bito depender\u00e1 de las reglas aplicadas a la forma de pago (d\u00e9bito inmediato, diferido, etc.). En caso de pago por PayPal, el importe de las compras se cargar\u00e1 en la cuenta PayPal inmediatamente. En caso de producirse un rechazo del banco, el pedido ser\u00e1 anulado de forma autom\u00e1tica y el comprador ser\u00e1 informado mediante el env\u00edo de un e-mail.<br \/>En caso de pago con transferencia bancaria directa, la operaci\u00f3n quedar\u00e1 completada con la acreditaci\u00f3n efectiva del monto transferido en la cuenta bancaria de la autora.<br \/>Mediante la aceptaci\u00f3n de las presentes Condiciones Generales de Contrataci\u00f3n, los clientes prestan su consentimiento a recibir la factura correspondiente.<br \/>5.- <strong>Entrega<\/strong><br \/>\u2022 Modalidades y lugar de entrega<br \/>Las obras pict\u00f3ricas se enviar\u00e1n a la direcci\u00f3n que el cliente haya indicado en el transcurso del proceso de realizaci\u00f3n del pedido.<br \/>Todas nuestras entregas se notifican al coleccionista a trav\u00e9s de correo electr\u00f3nico y se realizaran a trav\u00e9s de los medios de entrega del Transportista.<br \/>El plazo de expedici\u00f3n para las obras de disponibilidad inmediata se ha fijado en un m\u00e1ximo de diez (10) d\u00edas naturales desde la confirmaci\u00f3n del pedido, para los pa\u00edses de la Uni\u00f3n Europea.<br \/>El plazo de expedici\u00f3n para los pa\u00edses extra-UE en que se requiera la documentaci\u00f3n de expatriaci\u00f3n de Obras de Arte Contempor\u00e1nea que otorga el Ministerio de Bienes Culturales de Italia, comenzar\u00e1 desde la disponibilidad efectiva de la documentaci\u00f3n de expatrio por parte de la autora, al que se podr\u00e1n agregar 5 d\u00edas h\u00e1biles a los ya establecidos.<br \/>El plazo para la ejecuci\u00f3n de nuevas obras se determinar\u00e1 en cada caso particular y ser\u00e1 consignado en la informaci\u00f3n relativa a la descripci\u00f3n de la obra, o en el acuerdo espec\u00edfico entre la autora y el cliente.<br \/>Las obras en cat\u00e1logo se pueden realizar en otras medidas o colores, y se pueden abordar otros dise\u00f1os propuestos por el cliente. Aunque una obra pueda ser recreada, mantiene su car\u00e1cter de \u00fanica y exclusiva, toda vez que se realiza a mano libre, no siendo nunca una copia fiel del modelo de referencia. Se depender\u00e1 siempre de la aprobaci\u00f3n expresa del cliente que recibir\u00e1 previamente fotograf\u00edas de la obra terminada, para su aceptaci\u00f3n, modificaci\u00f3n o rechazo.<br \/>La solicitud de una nueva obra se realizar\u00e1 previo acuerdo donde queden especificadas medidas, dise\u00f1o, colores, o indicaci\u00f3n de una obra de referencia del cat\u00e1logo, acordado lo cual, el cliente realizar\u00e1 el pago del valor total de la obra. En caso de que el cliente no apruebe la nueva obra realizada, le ser\u00e1 restituido el pago en su totalidad, sin retenci\u00f3n de costo alguno por parte de la autora.<br \/>\u2022 Precauciones a tener en cuenta por parte del cliente, en el momento de la entrega.<br \/>Las obras transportadas est\u00e1n aseguradas hasta el momento de la entrega, y su embalaje re\u00fane todas las garant\u00edas de seguridad para el transporte de obras de arte. No obstante, corresponde al destinatario comprobar el buen estado del paquete en el momento de recibirlo, y de advertir cualquier indicio de deterioro que pueda haber lesionado al cuadro y comunicar fehacientemente al transportista en forma inmediata. Puede incluso rechazar el paquete, si tuviera signos de haber sido abierto o si muestra indicios claros de deterioro. Deber\u00e1 comunicar tambi\u00e9n tal circunstancia a la autora en forma inmediata.<br \/>Si los productos entregados no son conformes en naturaleza o calidad con respecto a los indicados en el correo electr\u00f3nico de expedici\u00f3n del pedido, el cliente podr\u00e1 proceder a la devoluci\u00f3n de las obras. Puede igualmente devolver la obra sin necesidad de justificaci\u00f3n alguna, dentro de los 14 d\u00edas de recibida.<br \/>6.- <strong>Legislaci\u00f3n y competencia<\/strong><br \/>Las presentes Condiciones Generales de Contrataci\u00f3n se ejecutar\u00e1n e interpretar\u00e1n de conformidad con la legislaci\u00f3n italiana, a la que las partes se someten expresamente. Cualquier litigio que pudiera emanar de su validez, interpretaci\u00f3n o ejecuci\u00f3n se someter\u00e1 a los Tribunales del lugar de residencia de la autora a los cuales se hace atribuci\u00f3n exclusiva y expresa de competencia.<br \/>7. <strong>DEVOLUCI\u00d3N Y DESISTIMIENTO<\/strong><br \/>El coleccionista tiene derecho a desistir del contrato en un plazo de 14 d\u00edas consecutivos sin necesidad de justificaci\u00f3n.<br \/>El plazo de desistimiento expirar\u00e1 a los 14 d\u00edas consecutivos desde que el cliente o un tercero designado por aqu\u00e9l, distinto del transportista, adquiera la posesi\u00f3n material de los bienes.<br \/>Para ejercer el derecho de desistimiento el cliente deber\u00e1 notificar a Giglia Acquaviva su decisi\u00f3n de desistir del contrato mediante una declaraci\u00f3n inequ\u00edvoca, que puede ser realizada por carta postal certificada a su direcci\u00f3n, o electr\u00f3nica al email: gigliaacquaviva.artgallery@gmail.com. Podr\u00e1 utilizar el modelo de formulario de desistimiento que figura a continuaci\u00f3n, aunque su uso no es obligatorio, y comunicarlo a trav\u00e9s de la p\u00e1gina www.gigliaacquavivaartgallery.com<br \/>En caso de desistimiento por parte del cliente, le ser\u00e1n devueltos todos los pagos realizados. Se proceder\u00e1 a efectuar dicho reembolso utilizando el mismo medio de pago empleado en la transacci\u00f3n inicial, a no ser que el cliente haya dispuesto otro medio; en todo caso, no incurrir\u00e1 en ning\u00fan gasto como consecuencia del reembolso, excepto los que impliquen el transporte de devoluci\u00f3n y los gastos de embalaje si los hubiere.<br \/>El reembolso ser\u00e1 efectuado a partir de la recepci\u00f3n de las obras en el domicilio indicado de la autora.<br \/>Los gastos de devoluci\u00f3n en lo relativo a transporte y embalaje estar\u00e1n a cargo del cliente.<br \/>El cliente se obligar\u00e1 a realizar la devoluci\u00f3n a GIGLIA ACQUAVIVA en v\u00eda Giulio Rinaldi 71\/A -Cave- Provincia di Roma- Italia, CAP 00033, sin ninguna demora indebida y, en cualquier caso, a m\u00e1s tardar en el plazo de 10 d\u00edas a partir de la fecha de comunicaci\u00f3n del desistimiento del contrato.<br \/>El cliente se har\u00e1 responsable de mantener la calidad de la obra en perfecto estado de conservaci\u00f3n, y ser\u00e1 responsable tambi\u00e9n de la disminuci\u00f3n del valor resultante de una manipulaci\u00f3n errada, o distinta a la necesaria para conservar su buen estado, estructura, caracter\u00edstica y presentaci\u00f3n.<br \/>En caso de que el cliente se haya despojado del embalaje original, o que no pueda ser reutilizado en las mismas condiciones, ser\u00e1 responsable de la compra de los materiales de embalaje para enviar las obras de arte de un modo seguro para su devoluci\u00f3n. Una vez que la pieza llegue con seguridad al domicilio de la autora, se proceder\u00e1 a la devoluci\u00f3n de la cantidad sufragada, y se restituir\u00e1 al cliente en la forma original del pago, en la misma moneda y utilizando el mismo tipo de cambio como su orden inicial, dentro de 10 d\u00edas h\u00e1biles de su retorno.<\/li>\n<\/ol>\n<p>Modelo de formulario de desistimiento<br \/>[solo debe cumplimentar y enviar el presente formulario si desea desistir del contrato]<br \/>A la atenci\u00f3n de Giglia Acquaviva<br \/>Tel: 0039 3482367282<br \/>E-mail: gigliaacquaviva.artgallery@gmail.com<br \/>Por la presente le comunico que desisto del contrato de adquisici\u00f3n nro.<br \/>Las obras implicadas son las detalladas con c\u00f3digos:<br \/>Pedido efectuado el:<br \/>Recibido en fecha:<br \/>Nombre del cliente<br \/>Direcci\u00f3n del cliente<br \/>Fecha<\/p>\n<p>[\/et_pb_text][\/et_pb_column][\/et_pb_row][\/et_pb_section]<\/p>\n","protected":false},"excerpt":{"rendered":"<p>   Giglia Acquaviva Art Gallery<\/p>\n<p>Condiciones Generales de Contrataci\u00f3n.<br \/>\n1.- Titularidad del portal<br \/>\nLa titular de la web www.gigliaacquavivaartgallery.com es Giglia Mabel Acquaviva, que es la autora y realizadora de las obras.  El n\u00famero de tel\u00e9fono y de WhatsApp de Servicio de Atenci\u00f3n al cliente es +39 348 2367282. La direcci\u00f3n de e-mail  es: \u201cgigliaacquaviva.artgallery@gmail.com y la direcci\u00f3n postal es: V\u00eda Giulio Rinaldi 71\/A -Cave- 00033 (RM) Italia.<br \/>\nLas Condiciones Generales de Contrataci\u00f3n descritas a continuaci\u00f3n, definen los derechos y obligaciones de las partes. La realizaci\u00f3n de una compra o el pedido de realizaci\u00f3n de una obra supone la aceptaci\u00f3n de estas condiciones de contrataci\u00f3n.<br \/>\n2.- Partes<br \/>\nGiglia Mabel Acquaviva, en adelante \u201cla autora\u201d es la proveedora de los servicios art\u00edsticos. Sus cuadros son realizados enteramente a mano y es la receptora y realizadora exclusiva de los encargos del interesado o comprador, en adelante \u201cel cliente\u201d o \u201cel coleccionista\u201d.<br \/>\n2.\u2013 Forma de realizar el pedido<br \/>\nLos pedidos se efect\u00faan a trav\u00e9s de la p\u00e1gina web www.gigliaacquavivaartgallery.com<br \/>\nAl hacer clic en el bot\u00f3n \u201cValidar y pagar\u201d durante el proceso de realizaci\u00f3n de un pedido, el coleccionissta declara aceptar plenamente y sin reservas la totalidad de las presentes Condiciones Generales de Contrataci\u00f3n.<br \/>\n3.- Precios<br \/>\nLos precios de las obras se expresan en euros, y se indican incluidos los costos de embalaje y de env\u00edo.<br \/>\nCuando existan espec\u00edficos derechos aduaneros, quedar\u00e1n a exclusivo cargo del cliente.<br \/>\n4.- Pago<br \/>\nEl pago de los requerimientos se efect\u00faa mediante: tarjeta de pago (cr\u00e9dito o d\u00e9bito), PayPal, transferencia bancaria directa (BACS). Las tarjetas de pago aceptadas son las del circuito Visa o Mastercard. El plazo de d\u00e9bito depender\u00e1 de las reglas aplicadas a la forma de pago (d\u00e9bito inmediato, diferido, etc.). En caso de pago por PayPal, el importe de las compras se cargar\u00e1 en la cuenta PayPal inmediatamente. En caso de producirse un rechazo del banco, el pedido ser\u00e1 anulado de forma autom\u00e1tica y el comprador ser\u00e1 informado mediante el env\u00edo de un e-mail.<br \/>\nEn caso de pago con transferencia bancaria directa, la operaci\u00f3n quedar\u00e1 completada con la acreditaci\u00f3n efectiva del monto transferido en la cuenta bancaria de la autora.<br \/>\nMediante la aceptaci\u00f3n de las presentes Condiciones Generales de Contrataci\u00f3n, los clientes prestan su consentimiento a recibir la factura correspondiente.<br \/>\n5.- Entrega<br \/>\n\u2022\tModalidades y lugar de entrega<br \/>\nLas obras pict\u00f3ricas se enviar\u00e1n a la direcci\u00f3n que el cliente haya indicado en el transcurso del proceso de realizaci\u00f3n del pedido.<br \/>\nTodas nuestras entregas se notifican al coleccionista a trav\u00e9s de correo electr\u00f3nico y se realizaran a trav\u00e9s de los medios de entrega del Transportista.<br \/>\nEl plazo de expedici\u00f3n para las obras de disponibilidad inmediata se ha fijado en un m\u00e1ximo de diez (10) d\u00edas naturales desde la confirmaci\u00f3n del pedido, para los pa\u00edses de la Uni\u00f3n Europea.<br \/>\nEl plazo de expedici\u00f3n para los pa\u00edses extra-UE en que se requiera la documentaci\u00f3n de expatriaci\u00f3n de Obras de Arte Contempor\u00e1nea que otorga el Ministerio de Bienes Culturales de Italia, comenzar\u00e1 desde la disponibilidad efectiva de la documentaci\u00f3n de expatrio por parte de la autora, al que se podr\u00e1n agregar 5 d\u00edas h\u00e1biles a los ya establecidos.<br \/>\nEl plazo para la ejecuci\u00f3n de nuevas obras se determinar\u00e1 en cada caso particular y ser\u00e1 consignado en la informaci\u00f3n relativa a la descripci\u00f3n de la obra, o en el acuerdo espec\u00edfico entre la autora y el cliente.<br \/>\nLas obras en cat\u00e1logo se pueden realizar en otras medidas o colores, y se pueden abordar otros dise\u00f1os propuestos por el cliente. Aunque una obra pueda ser recreada, mantiene su car\u00e1cter de \u00fanica y exclusiva, toda vez que se realiza a mano libre, no siendo nunca una copia fiel del modelo de referencia. Se depender\u00e1 siempre de la aprobaci\u00f3n expresa del cliente que recibir\u00e1 previamente fotograf\u00edas de la obra terminada, para su aceptaci\u00f3n, modificaci\u00f3n o rechazo.<br \/>\nLa solicitud de una nueva obra se realizar\u00e1 previo acuerdo donde queden especificadas medidas, dise\u00f1o, colores, o indicaci\u00f3n de una obra de referencia del cat\u00e1logo, acordado lo cual, el cliente realizar\u00e1 el pago del valor total de la obra. En caso de que el cliente no apruebe la nueva obra realizada, le ser\u00e1 restituido el pago en su totalidad, sin retenci\u00f3n de costo alguno por parte de la autora.<br \/>\n\u2022\tPrecauciones a tener en cuenta por parte del cliente, en el momento de la entrega.<br \/>\nLas obras transportadas est\u00e1n aseguradas hasta el momento de la entrega, y su embalaje re\u00fane todas las garant\u00edas de seguridad para el transporte de obras de arte. No obstante, corresponde al destinatario comprobar el buen estado del paquete en el momento de recibirlo, y de advertir cualquier indicio de deterioro que pueda haber lesionado al cuadro y comunicar fehacientemente al transportista en forma inmediata. Puede incluso rechazar el paquete, si tuviera signos de haber sido abierto o si muestra indicios claros de deterioro. Deber\u00e1 comunicar tambi\u00e9n tal circunstancia a la autora en forma inmediata.<br \/>\nSi los productos entregados no son conformes en naturaleza o calidad con respecto a los indicados en el correo electr\u00f3nico de expedici\u00f3n del pedido, el cliente podr\u00e1 proceder a la devoluci\u00f3n de las obras. Puede igualmente devolver la obra sin necesidad de justificaci\u00f3n alguna, dentro de los 14 d\u00edas de recibida.<br \/>\n6.- Legislaci\u00f3n y competencia<br \/>\nLas presentes Condiciones Generales de Contrataci\u00f3n se ejecutar\u00e1n e interpretar\u00e1n de conformidad con la legislaci\u00f3n italiana, a la que las partes se someten expresamente. Cualquier litigio que pudiera emanar de su validez, interpretaci\u00f3n o ejecuci\u00f3n se someter\u00e1 a los Tribunales del lugar de residencia de la autora a los cuales se hace atribuci\u00f3n exclusiva y expresa de competencia.<br \/>\n7. DEVOLUCI\u00d3N Y DESISTIMIENTO<br \/>\nEl coleccionista tiene derecho a desistir del contrato en un plazo de 14 d\u00edas consecutivos sin necesidad de justificaci\u00f3n.<br \/>\nEl plazo de desistimiento expirar\u00e1 a los 14 d\u00edas consecutivos desde que el cliente o un tercero designado por aqu\u00e9l, distinto del transportista, adquiera la posesi\u00f3n material de los bienes.<br \/>\nPara ejercer el derecho de desistimiento el cliente deber\u00e1 notificar a Giglia Acquaviva su decisi\u00f3n de desistir del contrato mediante una declaraci\u00f3n inequ\u00edvoca, que puede ser realizada por carta postal certificada a su direcci\u00f3n, o electr\u00f3nica al email: gigliaacquaviva.artgallery@gmail.com. Podr\u00e1 utilizar el modelo de formulario de desistimiento que figura a continuaci\u00f3n, aunque su uso no es obligatorio, y comunicarlo a trav\u00e9s de la p\u00e1gina www.gigliaacquavivaartgallery.com<br \/>\nEn caso de desistimiento por parte del cliente, le ser\u00e1n devueltos todos los pagos realizados. Se proceder\u00e1 a efectuar dicho reembolso utilizando el mismo medio de pago empleado en la transacci\u00f3n inicial, a no ser que el cliente haya dispuesto otro medio; en todo caso, no incurrir\u00e1 en ning\u00fan gasto como consecuencia del reembolso, excepto los que impliquen el transporte de devoluci\u00f3n y los gastos de embalaje si los hubiere.<br \/>\nEl reembolso ser\u00e1 efectuado a partir de la recepci\u00f3n de las obras en el domicilio indicado de la autora.<br \/>\nLos gastos de devoluci\u00f3n en lo relativo a transporte y embalaje estar\u00e1n a cargo del cliente.<br \/>\nEl cliente se obligar\u00e1 a realizar la devoluci\u00f3n a GIGLIA ACQUAVIVA en v\u00eda Giulio Rinaldi 71\/A -Cave- Provincia di Roma- Italia, CAP 00033, sin ninguna demora indebida y, en cualquier caso, a m\u00e1s tardar en el plazo de 10 d\u00edas a partir de la fecha de comunicaci\u00f3n del desistimiento del contrato.<br \/>\nEl cliente se har\u00e1 responsable de mantener la calidad de la obra en perfecto estado de conservaci\u00f3n, y ser\u00e1 responsable tambi\u00e9n de la disminuci\u00f3n del valor resultante de una manipulaci\u00f3n errada, o distinta a la necesaria para conservar su buen estado, estructura, caracter\u00edstica y presentaci\u00f3n.<br \/>\nEn caso de que el cliente se haya despojado del embalaje original, o que no pueda ser reutilizado en las mismas condiciones, ser\u00e1 responsable de la compra de los materiales de embalaje para enviar las obras de arte de un modo seguro para su devoluci\u00f3n. Una vez que la pieza llegue con seguridad al domicilio de la autora, se proceder\u00e1 a la devoluci\u00f3n de la cantidad sufragada, y se restituir\u00e1 al cliente en la forma original del pago, en la misma moneda y utilizando el mismo tipo de cambio como su orden inicial, dentro de 10 d\u00edas h\u00e1biles de su retorno.<\/p>\n<p>Modelo de formulario de desistimiento<br \/>\n[solo debe cumplimentar y enviar el presente formulario si desea desistir del contrato]<br \/>\nA la atenci\u00f3n de Giglia Acquaviva<br \/>\nTel: 0039 3482367282<br \/>\nE-mail: gigliaacquaviva.artgallery@gmail.com<br \/>\nPor la presente le comunico que desisto del contrato de adquisici\u00f3n nro.<br \/>\nLas obras implicadas son las detalladas con c\u00f3digos:<br \/>\nPedido efectuado el:<br \/>\nRecibido en fecha:<br \/>\nNombre del cliente<br \/>\nDirecci\u00f3n del cliente<br \/>\nFecha<\/p>\n","protected":false},"author":2,"featured_media":0,"parent":0,"menu_order":0,"comment_status":"closed","ping_status":"closed","template":"","meta":{"_acf_changed":false,"_et_pb_use_builder":"on","_et_pb_old_content":"<!-- wp:divi\/placeholder \/-->","_et_gb_content_width":"","footnotes":""},"class_list":["post-131","page","type-page","status-publish","hentry"],"acf":[],"_links":{"self":[{"href":"https:\/\/gigliaacquavivaartgallery.com\/fr\/wp-json\/wp\/v2\/pages\/131","targetHints":{"allow":["GET"]}}],"collection":[{"href":"https:\/\/gigliaacquavivaartgallery.com\/fr\/wp-json\/wp\/v2\/pages"}],"about":[{"href":"https:\/\/gigliaacquavivaartgallery.com\/fr\/wp-json\/wp\/v2\/types\/page"}],"author":[{"embeddable":true,"href":"https:\/\/gigliaacquavivaartgallery.com\/fr\/wp-json\/wp\/v2\/users\/2"}],"replies":[{"embeddable":true,"href":"https:\/\/gigliaacquavivaartgallery.com\/fr\/wp-json\/wp\/v2\/comments?post=131"}],"version-history":[{"count":0,"href":"https:\/\/gigliaacquavivaartgallery.com\/fr\/wp-json\/wp\/v2\/pages\/131\/revisions"}],"wp:attachment":[{"href":"https:\/\/gigliaacquavivaartgallery.com\/fr\/wp-json\/wp\/v2\/media?parent=131"}],"curies":[{"name":"wp","href":"https:\/\/api.w.org\/{rel}","templated":true}]}}